{"id":1434,"date":"2018-07-24T16:22:10","date_gmt":"2018-07-24T14:22:10","guid":{"rendered":"http:\/\/www.jctardivo.com\/galerie\/?page_id=1434"},"modified":"2018-07-25T12:17:59","modified_gmt":"2018-07-25T10:17:59","slug":"fabienne-le-beller","status":"publish","type":"page","link":"http:\/\/www.jctardivo.com\/galerie\/fabienne-le-beller\/","title":{"rendered":"Fabienne LE BELLER"},"content":{"rendered":"<p>\u00ab\u00a0Humains trop humains \u00ab\u00a0, pluriels et singuliers, les personnages de Tardivo sont-ils vraiment nous ? Cette part manquante, cette part cach\u00e9e, ce fr\u00e9missement qui murmure sans rel\u00e2che en cachette de l&rsquo;autre ? Ces m\u00e9moires interlopes qui attendent. Ces corps h\u00e9sitants, qui puisent leur existence au c\u0153ur de l&rsquo;originaire jusqu&rsquo;\u00e0 l&rsquo;incarner, nous d\u00e9routent tant ils semblent terriblement tranquilles et tra\u00eenent insaisissables \u00e0 constamment flotter. lis t\u00e2tonnent irr\u00e9solus, paraissent vou\u00e9s au hasard d&rsquo;un monde ind\u00e9fini, tels de nouveaux nomades offerts \u00e0 la lenteur d&rsquo;un temps inexplor\u00e9. Et si Tardivo esquisse un personnage essentiel, \u00e0 chaque fois unique et fantasque, jouissant de son propre corps tout autant que de sa propre l\u00e9gende, un personnage qui s&rsquo;\u00e9panouit et fait parade sur la toile, on dirait bien que tous s&rsquo;enivrent cependant \u00e0 une seule et soudaine r\u00e9sonance, un \u00e9cho inattendu. Il s&rsquo;exprime alors de ce macrocosme n\u00e9ologique, une r\u00e9p\u00e9tition inlassable, o\u00f9 l&rsquo;humilit\u00e9 s&rsquo;\u00e9puise jusqu&rsquo;au d\u00e9pouillement. Et celui-ci pr\u00e9figure jusque dans le v\u00eatement. Certains sont nipp\u00e9s de chemises ballantes, d&rsquo;autres sont v\u00eatus de bustiers mollement serr\u00e9s et \u00e9quivoques qui laissent la plupart des fois poindre leurs seins &#8211; deux seulement ont vraiment gliss\u00e9 une robe de couleur vive qui les enveloppe et camoufl\u00e9 leur cr\u00e2ne sous une imposante tignasse noire, si bien qu&rsquo;on les imagine d\u00e9guis\u00e9s ou endimanch\u00e9s &#8211; Mais curieusement, m\u00eame s&rsquo;ils sont v\u00eatus, affubl\u00e9s, par\u00e9s de tissus courants, ordinaires, ces personnages r\u00e9pliquent aux visiteurs par un volte-face et s&rsquo;ing\u00e9nient \u00e0 s&rsquo;\u00e9battre dans la d\u00e9robade, puisque, m\u00eame en embrassant les plis et les creux de leurs toilettes, ils naissent simples, d\u00e9voil\u00e9s, bruts, sans noirceur ni man\u0153uvre.<\/p>\n<p>Ils s&rsquo;expriment sous des formes humaines constamment d\u00e9jou\u00e9es, qui s&rsquo;ouvrent et engendrent des ardeurs primitives, aborig\u00e8nes, obs\u00e9d\u00e9s par l&rsquo;inachev\u00e9. Ils p\u00e9n\u00e8trent l&rsquo;espace intime et silencieux de la toile et s&rsquo;assoient, comme si, celui-ci signifiait un court instant leur seul possible territoire. Et l\u00e0, encore, par quelle imm\u00e9diate alchimie, Tardivo trompe les contours, contrecarre ce que notre regard croit envelopper et transgresse cet espace qui se perd et se fond dans l&rsquo;interminable. En perp\u00e9tuel mouvement, leurs pieds ne sont jamais vraiment pos\u00e9s, vraiment dormants, mais infl\u00e9chis, busqu\u00e9s comme des nez, cambr\u00e9s comme s&rsquo;ils attendaient pour partir, comme s&rsquo;ils se tenaient pr\u00eats \u00e0 filer.<\/p>\n<p>Leurs mains contiennent la tentation du geste, le d\u00e9sir de prendre, de s&#8217;emparer, elles ne font que s&rsquo;effleurer, se sentir, se toucher \u00e0 peine du bout des doigts &#8211; seul un personnage s&rsquo;accroche r\u00e9ellement, se cramponne \u00e0 un autre -, qui lui aussi h\u00e9site et marche sans savoir vraiment o\u00f9 aller.<br \/>\nTout est instable, vacillant, faible \u00e0 tout rompre, et les meubles comme les r\u00eaves sont pos\u00e9s de guingois, et les fauteuils sont vides.<br \/>\nCes personnages cherchent constamment quelque chose &#8211; le pendule comme une savante m\u00e9canique, pr\u00e9sent ou sous-jacent quand il se figure en corps de souris ou sous l&rsquo;apparence d&rsquo;un oiseau, est l&rsquo;outil primaire, l&rsquo;effigie essentielle qui ici charpente l&rsquo;histoire &#8211; Tous sont extraordinairement renfl\u00e9s, so\u00fbl\u00e9s par l&rsquo;attente. Elle bat tellement puissamment que leurs corps tout entier sont vou\u00e9s \u00e0 ce possible espoir marbr\u00e9 au fil des tableaux, de verts imparfaits, tapageurs, de roses surann\u00e9s, de bleus lapis ou h\u00e2ves qui d\u00e9daignent l&rsquo;Eden mais se m\u00e9langent et se fondent, se malaxent tant et si bien qu&rsquo;ils r\u00e9inventent l&rsquo;\u00e9ternit\u00e9. A force, le visiteur pourrait s&rsquo;imaginer converser avec ces personnages qui vivent et crient comme une humanit\u00e9 seulement fraternelle.<\/p>\n<p>Fabienne LE BELLER<br \/>\nOctobre 1999<\/p>\n","protected":false},"excerpt":{"rendered":"<p>\u00ab\u00a0Humains trop humains \u00ab\u00a0, pluriels et singuliers, les personnages de Tardivo sont-ils vraiment nous ? Cette part manquante, cette part cach\u00e9e, ce fr\u00e9missement qui murmure sans rel\u00e2che en cachette de l&rsquo;autre ? Ces m\u00e9moires interlopes qui attendent. Ces corps h\u00e9sitants, qui puisent leur existence au c\u0153ur de l&rsquo;originaire jusqu&rsquo;\u00e0 l&rsquo;incarner, nous d\u00e9routent tant ils semblent [&hellip;]<\/p>\n","protected":false},"author":1,"featured_media":0,"parent":0,"menu_order":0,"comment_status":"closed","ping_status":"closed","template":"","meta":{"_monsterinsights_skip_tracking":false,"_monsterinsights_sitenote_active":false,"_monsterinsights_sitenote_note":"","_monsterinsights_sitenote_category":0,"footnotes":""},"class_list":["post-1434","page","type-page","status-publish","hentry"],"_links":{"self":[{"href":"http:\/\/www.jctardivo.com\/galerie\/wp-json\/wp\/v2\/pages\/1434","targetHints":{"allow":["GET"]}}],"collection":[{"href":"http:\/\/www.jctardivo.com\/galerie\/wp-json\/wp\/v2\/pages"}],"about":[{"href":"http:\/\/www.jctardivo.com\/galerie\/wp-json\/wp\/v2\/types\/page"}],"author":[{"embeddable":true,"href":"http:\/\/www.jctardivo.com\/galerie\/wp-json\/wp\/v2\/users\/1"}],"replies":[{"embeddable":true,"href":"http:\/\/www.jctardivo.com\/galerie\/wp-json\/wp\/v2\/comments?post=1434"}],"version-history":[{"count":1,"href":"http:\/\/www.jctardivo.com\/galerie\/wp-json\/wp\/v2\/pages\/1434\/revisions"}],"predecessor-version":[{"id":1435,"href":"http:\/\/www.jctardivo.com\/galerie\/wp-json\/wp\/v2\/pages\/1434\/revisions\/1435"}],"wp:attachment":[{"href":"http:\/\/www.jctardivo.com\/galerie\/wp-json\/wp\/v2\/media?parent=1434"}],"curies":[{"name":"wp","href":"https:\/\/api.w.org\/{rel}","templated":true}]}}