{"id":1432,"date":"2018-07-24T16:21:29","date_gmt":"2018-07-24T14:21:29","guid":{"rendered":"http:\/\/www.jctardivo.com\/galerie\/?page_id=1432"},"modified":"2018-07-25T12:17:59","modified_gmt":"2018-07-25T10:17:59","slug":"isabelle-lacrouts","status":"publish","type":"page","link":"http:\/\/www.jctardivo.com\/galerie\/isabelle-lacrouts\/","title":{"rendered":"Isabelle LACROUTS"},"content":{"rendered":"<p>Nostalgie Baroque<\/p>\n<p>La Galerie Saint-Pierre vous invite \u00e0 vous plonger avec jubilation dans le monde pictural de Tardivo, un univers baroque, fantaisiste et \u00e9mouvant o\u00f9 se meut, alerte, une galerie de personnages f\u00e9minins typ\u00e9s aux infinies postures.<\/p>\n<p>L&rsquo;habile composition patchwork du peintre exhume un imaginaire familier qui \u00e9voque la nostalgie de l&rsquo;enfance, la simplicit\u00e9, la boh\u00e8me d&rsquo;antan. Un folklore de teintes, une s\u00e9rie de sc\u00e9nettes d\u00e9cal\u00e9es, audacieuses, un panache gouailleur et sensible de couleurs donnent vie \u00e0 un monde pittoresque, bancal d\u00e9bordant d&rsquo;humanit\u00e9.<\/p>\n<p>Tardivo s&rsquo;est invent\u00e9 un imaginaire o\u00f9 les femmes s&rsquo;adonnent aux joies de la couleurs. D&rsquo;o\u00f9 viennent ces h\u00e9ro\u00efnes exquises et grotesques, fard\u00e9es, endimanch\u00e9es ? De dr\u00f4les de bonnes femmes aux traits irr\u00e9guliers, \u00e0 la silhouette rudimentaire, dont les immenses yeux opalins se posent sur vous avec bienveillance, espi\u00e8glerie, intensit\u00e9, s&rsquo;adonnent \u00e0 un fabuleux man\u00e8ge. Elles exhibent avec \u00e9loquence et bonhomie un vestiaire, une chevelure bigarr\u00e9e, une physionomie d\u00e9gingand\u00e9e. La simplicit\u00e9 prend des allures romanesques. Ces ic\u00f4nes primitives auxquelles l&rsquo;alliance des couleurs insuffle une pr\u00e9sence attachante, palpable, animent un \u00e9trange cirque enchanteur. La toile devient le terrain de jeu de leurs \u00e9piques p\u00e9r\u00e9grinations. Tardivo compose avec brio une ode tendre et d\u00e9lur\u00e9e aux all\u00e9gories de l&rsquo;enfance, aux temps des souvenirs profanes, aux sensations r\u00e9miniscentes. Personnages et \u00e9l\u00e9ments du d\u00e9cor s&rsquo;agencent avec \u00e9l\u00e9gance et vitalit\u00e9 sur un m\u00eame plan d&rsquo;o\u00f9 la profondeur est bannie. Il met en sc\u00e8ne d&rsquo;\u00e9tranges visions fantasques dans lesquelles se c\u00f4toient un r\u00e9pertoire d&rsquo;objets au go\u00fbt d&rsquo;enfance, un bestiaire insolite peupl\u00e9 d&rsquo;oiseaux mutins et de petits chiens dociles et joueurs &#8230; Une roue de charrette en hommage au p\u00e8re artisan et rural, une locomotive qui siffle l&rsquo;heure du d\u00e9part vers un ailleurs pourpre et g\u00e9n\u00e9reux sans doute en souvenir d&rsquo;une grand-m\u00e8re garde-barri\u00e8re, une balan\u00e7oire descendue des cieux exhale un doux parfum d&rsquo;escarpolette et entra\u00eene dans son envol\u00e9e plaisante une fillette exalt\u00e9e par la luminosit\u00e9 d&rsquo;un jardin grenat.<\/p>\n<p>Isabelle LACROUTS<br \/>\n2006<\/p>\n","protected":false},"excerpt":{"rendered":"<p>Nostalgie Baroque La Galerie Saint-Pierre vous invite \u00e0 vous plonger avec jubilation dans le monde pictural de Tardivo, un univers baroque, fantaisiste et \u00e9mouvant o\u00f9 se meut, alerte, une galerie de personnages f\u00e9minins typ\u00e9s aux infinies postures. L&rsquo;habile composition patchwork du peintre exhume un imaginaire familier qui \u00e9voque la nostalgie de l&rsquo;enfance, la simplicit\u00e9, la [&hellip;]<\/p>\n","protected":false},"author":1,"featured_media":0,"parent":0,"menu_order":0,"comment_status":"closed","ping_status":"closed","template":"","meta":{"_monsterinsights_skip_tracking":false,"_monsterinsights_sitenote_active":false,"_monsterinsights_sitenote_note":"","_monsterinsights_sitenote_category":0,"footnotes":""},"class_list":["post-1432","page","type-page","status-publish","hentry"],"_links":{"self":[{"href":"http:\/\/www.jctardivo.com\/galerie\/wp-json\/wp\/v2\/pages\/1432","targetHints":{"allow":["GET"]}}],"collection":[{"href":"http:\/\/www.jctardivo.com\/galerie\/wp-json\/wp\/v2\/pages"}],"about":[{"href":"http:\/\/www.jctardivo.com\/galerie\/wp-json\/wp\/v2\/types\/page"}],"author":[{"embeddable":true,"href":"http:\/\/www.jctardivo.com\/galerie\/wp-json\/wp\/v2\/users\/1"}],"replies":[{"embeddable":true,"href":"http:\/\/www.jctardivo.com\/galerie\/wp-json\/wp\/v2\/comments?post=1432"}],"version-history":[{"count":1,"href":"http:\/\/www.jctardivo.com\/galerie\/wp-json\/wp\/v2\/pages\/1432\/revisions"}],"predecessor-version":[{"id":1433,"href":"http:\/\/www.jctardivo.com\/galerie\/wp-json\/wp\/v2\/pages\/1432\/revisions\/1433"}],"wp:attachment":[{"href":"http:\/\/www.jctardivo.com\/galerie\/wp-json\/wp\/v2\/media?parent=1432"}],"curies":[{"name":"wp","href":"https:\/\/api.w.org\/{rel}","templated":true}]}}