{"id":1430,"date":"2018-07-24T16:20:20","date_gmt":"2018-07-24T14:20:20","guid":{"rendered":"http:\/\/www.jctardivo.com\/galerie\/?page_id=1430"},"modified":"2018-07-25T12:17:59","modified_gmt":"2018-07-25T10:17:59","slug":"jean-francois-julien","status":"publish","type":"page","link":"http:\/\/www.jctardivo.com\/galerie\/jean-francois-julien\/","title":{"rendered":"Jean-Fran\u00e7ois JULIEN"},"content":{"rendered":"<p>Tardivo, l&rsquo;homme qui aime les femmes&#8230;<\/p>\n<p>Les femmes de Tardivo ne posent pas dans \u00ab\u00a0Gala\u00a0\u00bb. Elles ne se dorent pas la pilule \u00e0 Ibiza.<br \/>\nElles n&rsquo;en ont ni le temps ni les moyens. Ses mod\u00e8les, il les retrouve sur les photos jaunies de son enfance. Son p\u00e8re \u00e9tait ouvrier tanneur. Lorsqu&rsquo;il fait part de ses intentions de devenir artiste, le message ne passe pas bien dans la famille. Mais il tient bon. A 18 ans, il prend sa d\u00e9cision.<br \/>\nAujourd&rsquo;hui, il a trouv\u00e9 son style. Ses toiles \u00e9voquent un peu les dessins d&rsquo;enfant. Mais le message est plus puissant. Il adresse dans chacune de ses \u0153uvres un message d&rsquo;amour et de respect \u00e0 celles qui ont guid\u00e9 ses premiers pas. Cette exposition rappelle la \u00ab\u00a0Cit\u00e9 des femmes\u00a0\u00bb de Fellini. Dans un train, Mastroianni se repasse le film de son enfance et retrouve celles qui lui ont montr\u00e9 le chemin qui m\u00e8ne vers l&rsquo;\u00e2ge adulte.<br \/>\nV\u00eatues d&rsquo;une blouse \u00e0 fleurs, les cheveux tir\u00e9s en arri\u00e8re, les yeux \u00e9carquill\u00e9s, les femmes de Tardivo suscitent le respect, inspirent la tendresse. Autour d&rsquo;elles, l&rsquo;artiste dispose des indices. Ce sont les traces d&rsquo;un pass\u00e9 lointain. La roue de la brouette du p\u00e8re, l&rsquo;\u00e9chelle, les oiseaux &#8230; Tardivo reconstitue le puzzle de cette enfance que le temps a compl\u00e8tement pulv\u00e9ris\u00e9.<br \/>\nCes femmes que la vie n&rsquo;a pas \u00e9pargn\u00e9es r\u00eavent aussi. Elles se prennent pour des oiseaux, se revoient petite fille,<\/p>\n<p>Jean-Fran\u00e7ois JULIEN<br \/>\n2006<\/p>\n","protected":false},"excerpt":{"rendered":"<p>Tardivo, l&rsquo;homme qui aime les femmes&#8230; Les femmes de Tardivo ne posent pas dans \u00ab\u00a0Gala\u00a0\u00bb. Elles ne se dorent pas la pilule \u00e0 Ibiza. Elles n&rsquo;en ont ni le temps ni les moyens. Ses mod\u00e8les, il les retrouve sur les photos jaunies de son enfance. Son p\u00e8re \u00e9tait ouvrier tanneur. Lorsqu&rsquo;il fait part de ses [&hellip;]<\/p>\n","protected":false},"author":1,"featured_media":0,"parent":0,"menu_order":0,"comment_status":"closed","ping_status":"closed","template":"","meta":{"_monsterinsights_skip_tracking":false,"_monsterinsights_sitenote_active":false,"_monsterinsights_sitenote_note":"","_monsterinsights_sitenote_category":0,"footnotes":""},"class_list":["post-1430","page","type-page","status-publish","hentry"],"_links":{"self":[{"href":"http:\/\/www.jctardivo.com\/galerie\/wp-json\/wp\/v2\/pages\/1430","targetHints":{"allow":["GET"]}}],"collection":[{"href":"http:\/\/www.jctardivo.com\/galerie\/wp-json\/wp\/v2\/pages"}],"about":[{"href":"http:\/\/www.jctardivo.com\/galerie\/wp-json\/wp\/v2\/types\/page"}],"author":[{"embeddable":true,"href":"http:\/\/www.jctardivo.com\/galerie\/wp-json\/wp\/v2\/users\/1"}],"replies":[{"embeddable":true,"href":"http:\/\/www.jctardivo.com\/galerie\/wp-json\/wp\/v2\/comments?post=1430"}],"version-history":[{"count":1,"href":"http:\/\/www.jctardivo.com\/galerie\/wp-json\/wp\/v2\/pages\/1430\/revisions"}],"predecessor-version":[{"id":1431,"href":"http:\/\/www.jctardivo.com\/galerie\/wp-json\/wp\/v2\/pages\/1430\/revisions\/1431"}],"wp:attachment":[{"href":"http:\/\/www.jctardivo.com\/galerie\/wp-json\/wp\/v2\/media?parent=1430"}],"curies":[{"name":"wp","href":"https:\/\/api.w.org\/{rel}","templated":true}]}}