{"id":1424,"date":"2018-07-24T16:16:42","date_gmt":"2018-07-24T14:16:42","guid":{"rendered":"http:\/\/www.jctardivo.com\/galerie\/?page_id=1424"},"modified":"2018-07-25T12:17:59","modified_gmt":"2018-07-25T10:17:59","slug":"dominique-fleur","status":"publish","type":"page","link":"http:\/\/www.jctardivo.com\/galerie\/dominique-fleur\/","title":{"rendered":"Dominique FLEUR"},"content":{"rendered":"<p>Un nouveau style commence : apr\u00e8s quelques ann\u00e9es consacr\u00e9es aux corps des femmes, TARDIVO s&rsquo;est insensiblement \u00e9loign\u00e9 de leurs formes \u00e9panouies. Leurs membres s\u2019effa\u00e7ant, il ne restait plus que des silhouettes impr\u00e9cises entre homme et b\u00eate. Des \u00eatres hybrides habitaient la toile.<\/p>\n<p>Aujourd&rsquo;hui le peintre se r\u00e9approprie les corps. Mais ceux-ci \u00e9voquent plus l&rsquo;enfance que la f\u00e9minit\u00e9, et rappellent les dessins d&rsquo;enfants de la phase-t\u00e9tard. Il s&rsquo;agit d&rsquo;une enfance revisit\u00e9e et r\u00e9interpr\u00e9t\u00e9e, comme si TARDIVO, refusant (le s&#8217;embarrasser d&rsquo;un discours th\u00e9orique, cherchait a amenuiser l&rsquo;espace entre l&rsquo;id\u00e9e et sa repr\u00e9sentation ci a retrouver le jaillissement d&rsquo;une expression imm\u00e9diate et \u00e9vidente.<\/p>\n<p>Qui sont-ils ces personnages qui occupent tout l&rsquo;espace de la toile ? Des mutants qui nous entra\u00eenent \u00e0 leur suite, par Un raccourci, sur le chemin risqu\u00e9 des \u00e9motions directes. Ils se d\u00e9ploient mais leurs corps s&rsquo;atrophient au profit de d\u00e9tails signifiants : les yeux, les mains, les pieds, plus remarquables alors.<\/p>\n<p>Des lignes verticales ou circulaires forment l&rsquo;ossature des personnages. Ces \u00eatres cherchent \u00e0 exister \u00e0 tout prix. Car il s&rsquo;agit bien l\u00e0 d&rsquo;une renaissance qui se manifeste dans ce jaillissement de pieds et de mains et dans ce d\u00e9bordement d&rsquo;\u00e9nergie et de couleur. L\u00e0, on sent le d\u00e9sir et le plaisir de la peinture \u00e0 l&rsquo;\u00e9tat brut, la volont\u00e9 cl\u00e9 se risquer sur de nouveaux chemins.<\/p>\n<p>Un aphorisme de Duprat sur une des toiles de l&rsquo;exposition nous rappelle que \u00ab\u00a0la diff\u00e9rence est un risque a prendre\u00a0\u00bb. Le changement aussi. Mission<br \/>\naccomplie.<\/p>\n<p>Dominique FLEUR<br \/>\nNovembre 1998<\/p>\n","protected":false},"excerpt":{"rendered":"<p>Un nouveau style commence : apr\u00e8s quelques ann\u00e9es consacr\u00e9es aux corps des femmes, TARDIVO s&rsquo;est insensiblement \u00e9loign\u00e9 de leurs formes \u00e9panouies. Leurs membres s\u2019effa\u00e7ant, il ne restait plus que des silhouettes impr\u00e9cises entre homme et b\u00eate. Des \u00eatres hybrides habitaient la toile. Aujourd&rsquo;hui le peintre se r\u00e9approprie les corps. Mais ceux-ci \u00e9voquent plus l&rsquo;enfance que [&hellip;]<\/p>\n","protected":false},"author":1,"featured_media":0,"parent":0,"menu_order":0,"comment_status":"closed","ping_status":"closed","template":"","meta":{"_monsterinsights_skip_tracking":false,"_monsterinsights_sitenote_active":false,"_monsterinsights_sitenote_note":"","_monsterinsights_sitenote_category":0,"footnotes":""},"class_list":["post-1424","page","type-page","status-publish","hentry"],"_links":{"self":[{"href":"http:\/\/www.jctardivo.com\/galerie\/wp-json\/wp\/v2\/pages\/1424","targetHints":{"allow":["GET"]}}],"collection":[{"href":"http:\/\/www.jctardivo.com\/galerie\/wp-json\/wp\/v2\/pages"}],"about":[{"href":"http:\/\/www.jctardivo.com\/galerie\/wp-json\/wp\/v2\/types\/page"}],"author":[{"embeddable":true,"href":"http:\/\/www.jctardivo.com\/galerie\/wp-json\/wp\/v2\/users\/1"}],"replies":[{"embeddable":true,"href":"http:\/\/www.jctardivo.com\/galerie\/wp-json\/wp\/v2\/comments?post=1424"}],"version-history":[{"count":1,"href":"http:\/\/www.jctardivo.com\/galerie\/wp-json\/wp\/v2\/pages\/1424\/revisions"}],"predecessor-version":[{"id":1425,"href":"http:\/\/www.jctardivo.com\/galerie\/wp-json\/wp\/v2\/pages\/1424\/revisions\/1425"}],"wp:attachment":[{"href":"http:\/\/www.jctardivo.com\/galerie\/wp-json\/wp\/v2\/media?parent=1424"}],"curies":[{"name":"wp","href":"https:\/\/api.w.org\/{rel}","templated":true}]}}