{"id":1400,"date":"2018-07-24T15:52:39","date_gmt":"2018-07-24T13:52:39","guid":{"rendered":"http:\/\/www.jctardivo.com\/galerie\/?page_id=1400"},"modified":"2018-07-25T12:17:59","modified_gmt":"2018-07-25T10:17:59","slug":"francoise-marvier","status":"publish","type":"page","link":"http:\/\/www.jctardivo.com\/galerie\/francoise-marvier\/","title":{"rendered":"Fran\u00e7oise MARVIER"},"content":{"rendered":"<p>TARDIVO, UN PEINTRE DIFF\u00c9RENT<\/p>\n<p>Quand on demande \u00e0 Tardivo<br \/>\n\u2013 A quel moment \u00eates-vous devenu peintre ?<br \/>\nIl r\u00e9pond, non sans malice<br \/>\n\u2013 A ce moment l\u00e0.<br \/>\n\u00abCe moment l\u00e0\u00bb, c&rsquo;est \u00e0 deux ans et demi.<br \/>\nArm\u00e9 d&rsquo;un crayon et d&rsquo;un papier, sur un coin de table, il fait ses premiers \u00abgribouillis\u00bb. Comme tous les enfants. A cette diff\u00e9rence pr\u00e8s que lui, depuis, ne s&rsquo;est pas arr\u00eat\u00e9. De \u00ab gribouillis\u00bb en \u00abbonshommes-t\u00eatards\u00bb, de \u00abbonshommes-t\u00eatards\u00bb en \u00abG\u00e9ants\u00bb de \u00abG\u00e9ants\u00bb en \u00abV\u00e9nus\u00bb de \u00abV\u00e9nus\u00bb en \u00abDames\u00bb de \u00abDames\u00bb en \u00abCousins-de-bonshommes-t\u00eatards\u00bb, Tardivo, sur le papier, le carton, le bois ou la toile, n&rsquo;a pas cess\u00e9 de gribouiller. Ann\u00e9e apr\u00e8s ann\u00e9e, il a acquis des techniques de plus en plus complexes, tout en affirmant, par choix autant que par go\u00fbt, une gestuelle de plus en plus d\u00e9complex\u00e9e.<br \/>\n\u00ab Quand j&rsquo;ai l&rsquo;impression d&rsquo;avoir explor\u00e9 un territoire \u00bb se confie-t-il \u00ab je reviens \u00e0 mon bonhomme-t\u00eatard. Il me sert de rep\u00e8re. Les premi\u00e8res traces laiss\u00e9es par un enfant, inscrites en m\u00e9moire fondamentale, sont la gen\u00e8se d&rsquo;une d\u00e9marche artistique en promesse d&rsquo;exister\u00bb.<br \/>\nUne d\u00e9marche artistique que nourrit un autre aspect, plus sp\u00e9cifique, du v\u00e9cu du peintre.<br \/>\nTardivo n&rsquo;a pas seulement \u00e9t\u00e9 un enfant.<br \/>\nIl a \u00e9t\u00e9, et il reste, un jumeau.<br \/>\nD\u00e8s la naissance, il a connu ce paradoxe d&rsquo;\u00eatre \u00e0 la fois un \u00eatre- moiti\u00e9 et un \u00eatre-double, source, chez celui qui en est l&rsquo;objet, de privil\u00e8ge autant que de privation. Michel Tournier, dans son livre \u00ables M\u00e9t\u00e9ores\u00bb analyse avec subtilit\u00e9 les effets du \u00abcocon g\u00e9mellaire \u00bb. En particulier l&rsquo;usage, entre jumeaux, d&rsquo;un langage qu&rsquo;il baptise \u00ab\u00e9olien\u00bb.<br \/>\nTardivo, enfant, a pratiqu\u00e9 \u00abl&rsquo;\u00e9olien\u00bb.<br \/>\nIl a connu, par mimiques, signes et divers sons vocaux, la parfaite communication avec \u00abl&rsquo;autre\u00bb. Et, par voie de cons\u00e9quence, l&rsquo;isolement d&rsquo;avec \u00abtous les autres\u00bb. Ceux qui n&rsquo;\u00e9taient pas son jumeau. Ceux qui offraient, \u00e0 ses yeux tourment\u00e9s d&rsquo;enfant d\u00e9j\u00e0 peintre \u00abun r\u00e9el grand myst\u00e8re\u00bb.<br \/>\nMyst\u00e8re aujourd&rsquo;hui encore non r\u00e9solu.<br \/>\nD&rsquo;o\u00f9 l&rsquo;aspect, multiple et fantasque, des cr\u00e9atures qui peuplent son univers.<br \/>\nDifformes, biscornus, d\u00e9glingu\u00e9s, nus ou v\u00eatus d&rsquo;oripeaux flamboyants, ses personnages ne cessent, depuis qu&rsquo;il a commenc\u00e9 \u00e0 peindre, de se transformer. Ils sont les avatars d&rsquo;un m\u00eame \u00eatre, insaisissable, qu&rsquo;il poursuit depuis l&rsquo;enfance afin de trouver la r\u00e9ponse \u00e0 cette unique question<br \/>\n\u2013 Qui est l&rsquo;autre ?<br \/>\nParadoxe intime, et douloureux, du cr\u00e9ateur.<br \/>\nParce que Tardivo, enfant, a connu la sensation de n&rsquo;\u00eatre pas seul, il s&rsquo;entoure toile apr\u00e8s toile, d&rsquo;un nombre toujours renouvel\u00e9 de cr\u00e9atures imaginaires.<br \/>\nParce que Tardivo, enfant, a cru avoir un parfait semblable, il<br \/>\nne cesse de s&rsquo;affirmer, dans sa d\u00e9marche artistique, un peintre diff\u00e9rent.<\/p>\n<p>Fran\u00e7oise MARVIER<\/p>\n","protected":false},"excerpt":{"rendered":"<p>TARDIVO, UN PEINTRE DIFF\u00c9RENT Quand on demande \u00e0 Tardivo \u2013 A quel moment \u00eates-vous devenu peintre ? Il r\u00e9pond, non sans malice \u2013 A ce moment l\u00e0. \u00abCe moment l\u00e0\u00bb, c&rsquo;est \u00e0 deux ans et demi. Arm\u00e9 d&rsquo;un crayon et d&rsquo;un papier, sur un coin de table, il fait ses premiers \u00abgribouillis\u00bb. Comme tous les [&hellip;]<\/p>\n","protected":false},"author":1,"featured_media":0,"parent":0,"menu_order":0,"comment_status":"closed","ping_status":"closed","template":"","meta":{"_monsterinsights_skip_tracking":false,"_monsterinsights_sitenote_active":false,"_monsterinsights_sitenote_note":"","_monsterinsights_sitenote_category":0,"footnotes":""},"class_list":["post-1400","page","type-page","status-publish","hentry"],"_links":{"self":[{"href":"http:\/\/www.jctardivo.com\/galerie\/wp-json\/wp\/v2\/pages\/1400","targetHints":{"allow":["GET"]}}],"collection":[{"href":"http:\/\/www.jctardivo.com\/galerie\/wp-json\/wp\/v2\/pages"}],"about":[{"href":"http:\/\/www.jctardivo.com\/galerie\/wp-json\/wp\/v2\/types\/page"}],"author":[{"embeddable":true,"href":"http:\/\/www.jctardivo.com\/galerie\/wp-json\/wp\/v2\/users\/1"}],"replies":[{"embeddable":true,"href":"http:\/\/www.jctardivo.com\/galerie\/wp-json\/wp\/v2\/comments?post=1400"}],"version-history":[{"count":2,"href":"http:\/\/www.jctardivo.com\/galerie\/wp-json\/wp\/v2\/pages\/1400\/revisions"}],"predecessor-version":[{"id":1421,"href":"http:\/\/www.jctardivo.com\/galerie\/wp-json\/wp\/v2\/pages\/1400\/revisions\/1421"}],"wp:attachment":[{"href":"http:\/\/www.jctardivo.com\/galerie\/wp-json\/wp\/v2\/media?parent=1400"}],"curies":[{"name":"wp","href":"https:\/\/api.w.org\/{rel}","templated":true}]}}